{"id":389,"date":"2022-06-22T18:56:16","date_gmt":"2022-06-22T18:56:16","guid":{"rendered":"https:\/\/anillodedios.com\/?page_id=389"},"modified":"2022-06-22T18:56:16","modified_gmt":"2022-06-22T18:56:16","slug":"anillo-de-pene-de-testosterona-que-es","status":"publish","type":"page","link":"https:\/\/anillodedios.com\/index.php\/anillo-de-pene-de-testosterona-que-es\/","title":{"rendered":"\u25b6 Anillo De Pene De Testosterona \u00bfQu\u00e9 Es?"},"content":{"rendered":"<p>\u00bfQu\u00e9 es el anillo de pene de testosterona? Es algo que mucha gente se pregunta, y es normal que te suene un poco a chino, pero tranquilo, en esta p\u00e1gina te explicaremos por qu\u00e9 puede ser muy beneficioso para la salud y m\u00e1s en espec\u00edfico para tu vida sexual, aunque no \u00fanicamente.<\/p>\n<h2>Anillo Blakoe de Testosterona<\/h2>\n<p>El Anillo Blakoe de Testosterona fue el primer anillo de pene de testosterona que se cre\u00f3. Lo cre\u00f3 el Dr Blakoe, de ah\u00ed el nombre. B\u00e1sicamente es un anillo que contiene zinc y cobre, estos dos, en contacto con tu piel, provocan un magnetismo que hace que tu testosterona suba por las nubes, de forma que muchos problemas sexuales que puedas tener, as\u00ed como la eyaculaci\u00f3n precoz o la falta de l\u00edbido sexual pueden quedar solventadas con este producto.<\/p>\n<h3>Anillo De Dios<\/h3>\n<p>\u00bfQu\u00e9 es el Anillo de Dios? El Anillo de Dios es la versi\u00f3n mejorada del Anillo Blakoe de Testosterona o el anillo de pene de testosterona, es un anillo pensado no \u00fanicamente para generar testosterona, pero tambi\u00e9n para alargar el pene. S\u00ed, has o\u00eddo bien, el Anillo de Dios, <a href=\"https:\/\/anillodedios.com\/index.php\/producto\/anillo-de-dios\/\">que puedes comprar haciendo click aqu\u00ed<\/a>, est\u00e1 pensado de una forma que te ayudar\u00e1 no s\u00f3lo a producir ese magnetismo que te generar\u00e1 mejores niveles de testosterona, pero tambi\u00e9n servir\u00e1 para alargar tu amiguito, y es que depende de la posici\u00f3n en la que se encuentre tu pene, este se har\u00e1 m\u00e1s grande o m\u00e1s peque\u00f1o, es por ello que hicimos posible su creaci\u00f3n. Adem\u00e1s, ya son muchos los <a href=\"https:\/\/www.youtube.com\/watch?v=bG1LjQ1ou00&amp;t=13s\">youtubers e influencers<\/a> que recomiendan utilizar el Anillo de Dios. Por lo tanto, esperamos que te decidas por probarlo y seas uno de los miles y miles de usuarios que han cambiado su vida, al menos la sexual, de forma positiva con nuestro producto estrella: <a href=\"https:\/\/anillodedios.com\/index.php\/producto\/anillo-de-dios\/\">el Anillo de Dios.<\/a><\/p>\n","protected":false},"excerpt":{"rendered":"<p>\u00bfQu\u00e9 es el anillo de pene de testosterona? Es algo que mucha gente se pregunta, y es normal que te suene un poco a chino, pero tranquilo, en esta p\u00e1gina te explicaremos por qu\u00e9 puede ser muy beneficioso para la salud y m\u00e1s en espec\u00edfico para tu vida sexual, aunque no \u00fanicamente. Anillo Blakoe de [&#8230;]\n","protected":false},"author":2,"featured_media":390,"parent":0,"menu_order":0,"comment_status":"closed","ping_status":"closed","template":"","meta":{"footnotes":""},"class_list":["post-389","page","type-page","status-publish","has-post-thumbnail","hentry"],"yoast_head":"<!-- This site is optimized with the Yoast SEO plugin v27.5 - https:\/\/yoast.com\/product\/yoast-seo-wordpress\/ -->\n<title>\u25b6 Anillo De Pene De Testosterona \u00bfQu\u00e9 Es? - Anillo de Dios<\/title>\n<meta name=\"description\" content=\"\u00bfQu\u00e9 es el anillo de pene de testosterona? Es algo que mucha gente se pregunta, y es normal que te suene un poco a chino, pero tranquilo.\" \/>\n<meta name=\"robots\" content=\"index, follow, max-snippet:-1, max-image-preview:large, max-video-preview:-1\" \/>\n<link rel=\"canonical\" href=\"https:\/\/anillodedios.com\/index.php\/anillo-de-pene-de-testosterona-que-es\/\" \/>\n<meta property=\"og:locale\" content=\"es_ES\" \/>\n<meta property=\"og:type\" content=\"article\" \/>\n<meta property=\"og:title\" content=\"\u25b6 Anillo De Pene De Testosterona \u00bfQu\u00e9 Es? - Anillo de Dios\" \/>\n<meta property=\"og:description\" content=\"\u00bfQu\u00e9 es el anillo de pene de testosterona? Es algo que mucha gente se pregunta, y es normal que te suene un poco a chino, pero tranquilo.\" \/>\n<meta property=\"og:url\" content=\"https:\/\/anillodedios.com\/index.php\/anillo-de-pene-de-testosterona-que-es\/\" \/>\n<meta property=\"og:site_name\" content=\"Anillo de Dios\" \/>\n<meta property=\"og:image\" content=\"https:\/\/anillodedios.com\/wp-content\/uploads\/2022\/06\/Anillo-de-Dios-2.jpg\" \/>\n\t<meta property=\"og:image:width\" content=\"427\" \/>\n\t<meta property=\"og:image:height\" content=\"350\" \/>\n\t<meta property=\"og:image:type\" content=\"image\/jpeg\" \/>\n<meta name=\"twitter:card\" content=\"summary_large_image\" \/>\n<meta name=\"twitter:label1\" content=\"Tiempo de lectura\" \/>\n\t<meta name=\"twitter:data1\" content=\"2 minutos\" \/>\n<script type=\"application\/ld+json\" class=\"yoast-schema-graph\">{\"@context\":\"https:\\\/\\\/schema.org\",\"@graph\":[{\"@type\":\"WebPage\",\"@id\":\"https:\\\/\\\/anillodedios.com\\\/index.php\\\/anillo-de-pene-de-testosterona-que-es\\\/\",\"url\":\"https:\\\/\\\/anillodedios.com\\\/index.php\\\/anillo-de-pene-de-testosterona-que-es\\\/\",\"name\":\"\u25b6 Anillo De Pene De Testosterona \u00bfQu\u00e9 Es? - Anillo de Dios\",\"isPartOf\":{\"@id\":\"https:\\\/\\\/anillodedios.com\\\/#website\"},\"primaryImageOfPage\":{\"@id\":\"https:\\\/\\\/anillodedios.com\\\/index.php\\\/anillo-de-pene-de-testosterona-que-es\\\/#primaryimage\"},\"image\":{\"@id\":\"https:\\\/\\\/anillodedios.com\\\/index.php\\\/anillo-de-pene-de-testosterona-que-es\\\/#primaryimage\"},\"thumbnailUrl\":\"https:\\\/\\\/anillodedios.com\\\/wp-content\\\/uploads\\\/2022\\\/06\\\/Anillo-de-Dios-2.jpg\",\"datePublished\":\"2022-06-22T18:56:16+00:00\",\"description\":\"\u00bfQu\u00e9 es el anillo de pene de testosterona? Es algo que mucha gente se pregunta, y es normal que te suene un poco a chino, pero tranquilo.\",\"breadcrumb\":{\"@id\":\"https:\\\/\\\/anillodedios.com\\\/index.php\\\/anillo-de-pene-de-testosterona-que-es\\\/#breadcrumb\"},\"inLanguage\":\"es\",\"potentialAction\":[{\"@type\":\"ReadAction\",\"target\":[\"https:\\\/\\\/anillodedios.com\\\/index.php\\\/anillo-de-pene-de-testosterona-que-es\\\/\"]}]},{\"@type\":\"ImageObject\",\"inLanguage\":\"es\",\"@id\":\"https:\\\/\\\/anillodedios.com\\\/index.php\\\/anillo-de-pene-de-testosterona-que-es\\\/#primaryimage\",\"url\":\"https:\\\/\\\/anillodedios.com\\\/wp-content\\\/uploads\\\/2022\\\/06\\\/Anillo-de-Dios-2.jpg\",\"contentUrl\":\"https:\\\/\\\/anillodedios.com\\\/wp-content\\\/uploads\\\/2022\\\/06\\\/Anillo-de-Dios-2.jpg\",\"width\":427,\"height\":350,\"caption\":\"Anillo De Pene De Testosterona \u00bfQu\u00e9 Es?\"},{\"@type\":\"BreadcrumbList\",\"@id\":\"https:\\\/\\\/anillodedios.com\\\/index.php\\\/anillo-de-pene-de-testosterona-que-es\\\/#breadcrumb\",\"itemListElement\":[{\"@type\":\"ListItem\",\"position\":1,\"name\":\"Portada\",\"item\":\"https:\\\/\\\/anillodedios.com\\\/\"},{\"@type\":\"ListItem\",\"position\":2,\"name\":\"\u25b6 Anillo De Pene De Testosterona \u00bfQu\u00e9 Es?\"}]},{\"@type\":\"WebSite\",\"@id\":\"https:\\\/\\\/anillodedios.com\\\/#website\",\"url\":\"https:\\\/\\\/anillodedios.com\\\/\",\"name\":\"Anillo de Dios\",\"description\":\"Compra el Anillo de Dios al mejor precio\",\"publisher\":{\"@id\":\"https:\\\/\\\/anillodedios.com\\\/#organization\"},\"potentialAction\":[{\"@type\":\"SearchAction\",\"target\":{\"@type\":\"EntryPoint\",\"urlTemplate\":\"https:\\\/\\\/anillodedios.com\\\/?s={search_term_string}\"},\"query-input\":{\"@type\":\"PropertyValueSpecification\",\"valueRequired\":true,\"valueName\":\"search_term_string\"}}],\"inLanguage\":\"es\"},{\"@type\":\"Organization\",\"@id\":\"https:\\\/\\\/anillodedios.com\\\/#organization\",\"name\":\"Anillo De Dios\",\"url\":\"https:\\\/\\\/anillodedios.com\\\/\",\"logo\":{\"@type\":\"ImageObject\",\"inLanguage\":\"es\",\"@id\":\"https:\\\/\\\/anillodedios.com\\\/#\\\/schema\\\/logo\\\/image\\\/\",\"url\":\"https:\\\/\\\/anillodedios.com\\\/wp-content\\\/uploads\\\/2021\\\/01\\\/a78a90cc-f46e-4c9c-8660-9c42ef4cb8bb_zps19822ba3-1.jpg\",\"contentUrl\":\"https:\\\/\\\/anillodedios.com\\\/wp-content\\\/uploads\\\/2021\\\/01\\\/a78a90cc-f46e-4c9c-8660-9c42ef4cb8bb_zps19822ba3-1.jpg\",\"width\":505,\"height\":396,\"caption\":\"Anillo De Dios\"},\"image\":{\"@id\":\"https:\\\/\\\/anillodedios.com\\\/#\\\/schema\\\/logo\\\/image\\\/\"}}]}<\/script>\n<!-- \/ Yoast SEO plugin. -->","yoast_head_json":{"title":"\u25b6 Anillo De Pene De Testosterona \u00bfQu\u00e9 Es? - Anillo de Dios","description":"\u00bfQu\u00e9 es el anillo de pene de testosterona? Es algo que mucha gente se pregunta, y es normal que te suene un poco a chino, pero tranquilo.","robots":{"index":"index","follow":"follow","max-snippet":"max-snippet:-1","max-image-preview":"max-image-preview:large","max-video-preview":"max-video-preview:-1"},"canonical":"https:\/\/anillodedios.com\/index.php\/anillo-de-pene-de-testosterona-que-es\/","og_locale":"es_ES","og_type":"article","og_title":"\u25b6 Anillo De Pene De Testosterona \u00bfQu\u00e9 Es? - Anillo de Dios","og_description":"\u00bfQu\u00e9 es el anillo de pene de testosterona? Es algo que mucha gente se pregunta, y es normal que te suene un poco a chino, pero tranquilo.","og_url":"https:\/\/anillodedios.com\/index.php\/anillo-de-pene-de-testosterona-que-es\/","og_site_name":"Anillo de Dios","og_image":[{"width":427,"height":350,"url":"https:\/\/anillodedios.com\/wp-content\/uploads\/2022\/06\/Anillo-de-Dios-2.jpg","type":"image\/jpeg"}],"twitter_card":"summary_large_image","twitter_misc":{"Tiempo de lectura":"2 minutos"},"schema":{"@context":"https:\/\/schema.org","@graph":[{"@type":"WebPage","@id":"https:\/\/anillodedios.com\/index.php\/anillo-de-pene-de-testosterona-que-es\/","url":"https:\/\/anillodedios.com\/index.php\/anillo-de-pene-de-testosterona-que-es\/","name":"\u25b6 Anillo De Pene De Testosterona \u00bfQu\u00e9 Es? - Anillo de Dios","isPartOf":{"@id":"https:\/\/anillodedios.com\/#website"},"primaryImageOfPage":{"@id":"https:\/\/anillodedios.com\/index.php\/anillo-de-pene-de-testosterona-que-es\/#primaryimage"},"image":{"@id":"https:\/\/anillodedios.com\/index.php\/anillo-de-pene-de-testosterona-que-es\/#primaryimage"},"thumbnailUrl":"https:\/\/anillodedios.com\/wp-content\/uploads\/2022\/06\/Anillo-de-Dios-2.jpg","datePublished":"2022-06-22T18:56:16+00:00","description":"\u00bfQu\u00e9 es el anillo de pene de testosterona? Es algo que mucha gente se pregunta, y es normal que te suene un poco a chino, pero tranquilo.","breadcrumb":{"@id":"https:\/\/anillodedios.com\/index.php\/anillo-de-pene-de-testosterona-que-es\/#breadcrumb"},"inLanguage":"es","potentialAction":[{"@type":"ReadAction","target":["https:\/\/anillodedios.com\/index.php\/anillo-de-pene-de-testosterona-que-es\/"]}]},{"@type":"ImageObject","inLanguage":"es","@id":"https:\/\/anillodedios.com\/index.php\/anillo-de-pene-de-testosterona-que-es\/#primaryimage","url":"https:\/\/anillodedios.com\/wp-content\/uploads\/2022\/06\/Anillo-de-Dios-2.jpg","contentUrl":"https:\/\/anillodedios.com\/wp-content\/uploads\/2022\/06\/Anillo-de-Dios-2.jpg","width":427,"height":350,"caption":"Anillo De Pene De Testosterona \u00bfQu\u00e9 Es?"},{"@type":"BreadcrumbList","@id":"https:\/\/anillodedios.com\/index.php\/anillo-de-pene-de-testosterona-que-es\/#breadcrumb","itemListElement":[{"@type":"ListItem","position":1,"name":"Portada","item":"https:\/\/anillodedios.com\/"},{"@type":"ListItem","position":2,"name":"\u25b6 Anillo De Pene De Testosterona \u00bfQu\u00e9 Es?"}]},{"@type":"WebSite","@id":"https:\/\/anillodedios.com\/#website","url":"https:\/\/anillodedios.com\/","name":"Anillo de Dios","description":"Compra el Anillo de Dios al mejor precio","publisher":{"@id":"https:\/\/anillodedios.com\/#organization"},"potentialAction":[{"@type":"SearchAction","target":{"@type":"EntryPoint","urlTemplate":"https:\/\/anillodedios.com\/?s={search_term_string}"},"query-input":{"@type":"PropertyValueSpecification","valueRequired":true,"valueName":"search_term_string"}}],"inLanguage":"es"},{"@type":"Organization","@id":"https:\/\/anillodedios.com\/#organization","name":"Anillo De Dios","url":"https:\/\/anillodedios.com\/","logo":{"@type":"ImageObject","inLanguage":"es","@id":"https:\/\/anillodedios.com\/#\/schema\/logo\/image\/","url":"https:\/\/anillodedios.com\/wp-content\/uploads\/2021\/01\/a78a90cc-f46e-4c9c-8660-9c42ef4cb8bb_zps19822ba3-1.jpg","contentUrl":"https:\/\/anillodedios.com\/wp-content\/uploads\/2021\/01\/a78a90cc-f46e-4c9c-8660-9c42ef4cb8bb_zps19822ba3-1.jpg","width":505,"height":396,"caption":"Anillo De Dios"},"image":{"@id":"https:\/\/anillodedios.com\/#\/schema\/logo\/image\/"}}]}},"_links":{"self":[{"href":"https:\/\/anillodedios.com\/index.php\/wp-json\/wp\/v2\/pages\/389","targetHints":{"allow":["GET"]}}],"collection":[{"href":"https:\/\/anillodedios.com\/index.php\/wp-json\/wp\/v2\/pages"}],"about":[{"href":"https:\/\/anillodedios.com\/index.php\/wp-json\/wp\/v2\/types\/page"}],"author":[{"embeddable":true,"href":"https:\/\/anillodedios.com\/index.php\/wp-json\/wp\/v2\/users\/2"}],"replies":[{"embeddable":true,"href":"https:\/\/anillodedios.com\/index.php\/wp-json\/wp\/v2\/comments?post=389"}],"version-history":[{"count":1,"href":"https:\/\/anillodedios.com\/index.php\/wp-json\/wp\/v2\/pages\/389\/revisions"}],"predecessor-version":[{"id":391,"href":"https:\/\/anillodedios.com\/index.php\/wp-json\/wp\/v2\/pages\/389\/revisions\/391"}],"wp:featuredmedia":[{"embeddable":true,"href":"https:\/\/anillodedios.com\/index.php\/wp-json\/wp\/v2\/media\/390"}],"wp:attachment":[{"href":"https:\/\/anillodedios.com\/index.php\/wp-json\/wp\/v2\/media?parent=389"}],"curies":[{"name":"wp","href":"https:\/\/api.w.org\/{rel}","templated":true}]}}